{"id":163,"date":"2019-04-06T19:36:46","date_gmt":"2019-04-06T16:36:46","guid":{"rendered":"https:\/\/api.p-a.design\/?page_id=163"},"modified":"2023-08-28T10:43:42","modified_gmt":"2023-08-28T07:43:42","slug":"terms-and-conditions","status":"publish","type":"page","link":"https:\/\/api.planb-escape.de\/en\/terms-and-conditions\/","title":{"rendered":"Terms and conditions"},"content":{"rendered":"<p><script type=\"text\/javascript\" src=\"https:\/\/bookeo.com\/widget.js?a=42554NFAPJR16A9DCE519A\"><\/script><\/p>\n<h2>General information<\/h2>\n<p>PLAN B Escape Game GmbH<br \/>\nGellertstra\u00dfe 13<br \/>\n76185 Karlsruhe<\/p>\n<p>PLAN B Cube GmbH<br \/>\nGellertstra\u00dfe 13<br \/>\n76185 Karlsruhe<\/p>\n<p>Black Room GmbH<br \/>\nGellertstra\u00dfe 13<br \/>\n76185 Karlsruhe<\/p>\n<p>Participation is only suitable for persons aged 12 and over. Persons between the ages of 12 and 14 may only participate in the presence of their parents or legal guardian. The adequacy of participation is the responsibility of the parents or legal guardians. It is the responsibility of the person making the booking to ensure compliance with the age limits stated and to obtain permission from the parent or legal guardian. Vouchers purchased from providers other than Plan B Escape Game GmbH are subject to the terms and conditions of this provider. An expired voucher cannot be accepted by us. In this regard, the company that sold the voucher must be contacted.<\/p>\n<h2>Booking and Payment<\/h2>\n<p>Payment is currently possible online via Paypal.<br \/>\nOn site, we only accept cash or Paypal payments. For groups of 20 or more, payment can also be made by bank transfer.<br \/>\nThis should be arranged in advance by phone or email.<\/p>\n<h2>Cancellation<\/h2>\n<p>The free cancellation of a booked date is possible up to 24 hours in advance. If this period is exceeded Plan B Escape Game GmbH is entitled to charge cancellation fees of 70% of the game price, which are immediately due for payment.<\/p>","protected":false},"excerpt":{"rendered":"<p>General information PLAN B Escape Game GmbH Gellertstra\u00dfe 13 76185 Karlsruhe PLAN B Cube GmbH Gellertstra\u00dfe 13 76185 Karlsruhe Black Room GmbH Gellertstra\u00dfe 13 76185 Karlsruhe Participation is only suitable for persons aged 12 and over. Persons between the ages of 12 and 14 may only participate in the presence [&hellip;]<\/p>\n","protected":false},"author":1,"featured_media":0,"parent":0,"menu_order":0,"comment_status":"closed","ping_status":"closed","template":"","meta":{"footnotes":""},"yoast_head":"<!-- This site is optimized with the Yoast SEO plugin v21.7 - https:\/\/yoast.com\/wordpress\/plugins\/seo\/ -->\n<title>Terms and conditions - PlanB Escape in Germany<\/title>\n<meta name=\"description\" content=\"Terms and conditions of the PlanB Escape games in Germany.\" \/>\n<meta name=\"robots\" content=\"index, follow, max-snippet:-1, max-image-preview:large, max-video-preview:-1\" \/>\n<link rel=\"canonical\" href=\"https:\/\/api.planb-escape.de\/de\/terms-and-conditions\/\" \/>\n<meta property=\"og:locale\" content=\"en_US\" \/>\n<meta property=\"og:type\" content=\"article\" \/>\n<meta property=\"og:title\" content=\"Terms and conditions - PlanB Escape in Germany\" \/>\n<meta property=\"og:description\" content=\"Terms and conditions of the PlanB Escape games in Germany.\" \/>\n<meta property=\"og:url\" content=\"https:\/\/api.planb-escape.de\/de\/terms-and-conditions\/\" \/>\n<meta property=\"og:site_name\" content=\"PlanB\" \/>\n<meta property=\"article:publisher\" content=\"https:\/\/www.facebook.com\/planbescapestuttgart\/\" \/>\n<meta property=\"article:modified_time\" content=\"2023-08-28T07:43:42+00:00\" \/>\n<meta name=\"twitter:card\" content=\"summary_large_image\" \/>\n<script type=\"application\/ld+json\" class=\"yoast-schema-graph\">{\"@context\":\"https:\/\/schema.org\",\"@graph\":[{\"@type\":\"WebPage\",\"@id\":\"https:\/\/api.planb-escape.de\/de\/terms-and-conditions\/\",\"url\":\"https:\/\/api.planb-escape.de\/de\/terms-and-conditions\/\",\"name\":\"Terms and conditions - PlanB Escape in Germany\",\"isPartOf\":{\"@id\":\"https:\/\/api.planb-escape.de\/#website\"},\"datePublished\":\"2019-04-06T16:36:46+00:00\",\"dateModified\":\"2023-08-28T07:43:42+00:00\",\"description\":\"Terms and conditions of the PlanB Escape games in Germany.\",\"breadcrumb\":{\"@id\":\"https:\/\/api.planb-escape.de\/de\/terms-and-conditions\/#breadcrumb\"},\"inLanguage\":\"en-US\",\"potentialAction\":[{\"@type\":\"ReadAction\",\"target\":[\"https:\/\/api.planb-escape.de\/de\/terms-and-conditions\/\"]}]},{\"@type\":\"BreadcrumbList\",\"@id\":\"https:\/\/api.planb-escape.de\/de\/terms-and-conditions\/#breadcrumb\",\"itemListElement\":[{\"@type\":\"ListItem\",\"position\":1,\"name\":\"\u0413\u043b\u0430\u0432\u043d\u0430\u044f \u0441\u0442\u0440\u0430\u043d\u0438\u0446\u0430\",\"item\":\"https:\/\/api.planb-escape.de\/de\/\"},{\"@type\":\"ListItem\",\"position\":2,\"name\":\"Allgemeines\"}]},{\"@type\":\"WebSite\",\"@id\":\"https:\/\/api.planb-escape.de\/#website\",\"url\":\"https:\/\/api.planb-escape.de\/\",\"name\":\"PlanB\",\"description\":\"escape room\",\"publisher\":{\"@id\":\"https:\/\/api.planb-escape.de\/#organization\"},\"potentialAction\":[{\"@type\":\"SearchAction\",\"target\":{\"@type\":\"EntryPoint\",\"urlTemplate\":\"https:\/\/api.planb-escape.de\/?s={search_term_string}\"},\"query-input\":\"required name=search_term_string\"}],\"inLanguage\":\"en-US\"},{\"@type\":\"Organization\",\"@id\":\"https:\/\/api.planb-escape.de\/#organization\",\"name\":\"PlanB\",\"url\":\"https:\/\/api.planb-escape.de\/\",\"logo\":{\"@type\":\"ImageObject\",\"inLanguage\":\"en-US\",\"@id\":\"https:\/\/api.planb-escape.de\/#\/schema\/logo\/image\/\",\"url\":\"https:\/\/api.planb-escape.de\/wp-content\/uploads\/2023\/12\/6b83ddebfe241f842020d88e4ce6c935.svg\",\"contentUrl\":\"https:\/\/api.planb-escape.de\/wp-content\/uploads\/2023\/12\/6b83ddebfe241f842020d88e4ce6c935.svg\",\"width\":110,\"height\":30,\"caption\":\"PlanB\"},\"image\":{\"@id\":\"https:\/\/api.planb-escape.de\/#\/schema\/logo\/image\/\"},\"sameAs\":[\"https:\/\/www.facebook.com\/planbescapestuttgart\/\",\"https:\/\/www.instagram.com\/plan_b_escape\/\",\"https:\/\/www.youtube.com\/channel\/UCc8GQE2-pkCtyc1ZekUWn9Q\"]}]}<\/script>\n<!-- \/ Yoast SEO plugin. -->","yoast_head_json":{"title":"Terms and conditions - PlanB Escape in Germany","description":"Terms and conditions of the PlanB Escape games in Germany.","robots":{"index":"index","follow":"follow","max-snippet":"max-snippet:-1","max-image-preview":"max-image-preview:large","max-video-preview":"max-video-preview:-1"},"canonical":"https:\/\/api.planb-escape.de\/de\/terms-and-conditions\/","og_locale":"en_US","og_type":"article","og_title":"Terms and conditions - PlanB Escape in Germany","og_description":"Terms and conditions of the PlanB Escape games in Germany.","og_url":"https:\/\/api.planb-escape.de\/de\/terms-and-conditions\/","og_site_name":"PlanB","article_publisher":"https:\/\/www.facebook.com\/planbescapestuttgart\/","article_modified_time":"2023-08-28T07:43:42+00:00","twitter_card":"summary_large_image","schema":{"@context":"https:\/\/schema.org","@graph":[{"@type":"WebPage","@id":"https:\/\/api.planb-escape.de\/de\/terms-and-conditions\/","url":"https:\/\/api.planb-escape.de\/de\/terms-and-conditions\/","name":"Terms and conditions - PlanB Escape in Germany","isPartOf":{"@id":"https:\/\/api.planb-escape.de\/#website"},"datePublished":"2019-04-06T16:36:46+00:00","dateModified":"2023-08-28T07:43:42+00:00","description":"Terms and conditions of the PlanB Escape games in Germany.","breadcrumb":{"@id":"https:\/\/api.planb-escape.de\/de\/terms-and-conditions\/#breadcrumb"},"inLanguage":"en-US","potentialAction":[{"@type":"ReadAction","target":["https:\/\/api.planb-escape.de\/de\/terms-and-conditions\/"]}]},{"@type":"BreadcrumbList","@id":"https:\/\/api.planb-escape.de\/de\/terms-and-conditions\/#breadcrumb","itemListElement":[{"@type":"ListItem","position":1,"name":"\u0413\u043b\u0430\u0432\u043d\u0430\u044f \u0441\u0442\u0440\u0430\u043d\u0438\u0446\u0430","item":"https:\/\/api.planb-escape.de\/de\/"},{"@type":"ListItem","position":2,"name":"Allgemeines"}]},{"@type":"WebSite","@id":"https:\/\/api.planb-escape.de\/#website","url":"https:\/\/api.planb-escape.de\/","name":"PlanB","description":"escape room","publisher":{"@id":"https:\/\/api.planb-escape.de\/#organization"},"potentialAction":[{"@type":"SearchAction","target":{"@type":"EntryPoint","urlTemplate":"https:\/\/api.planb-escape.de\/?s={search_term_string}"},"query-input":"required name=search_term_string"}],"inLanguage":"en-US"},{"@type":"Organization","@id":"https:\/\/api.planb-escape.de\/#organization","name":"PlanB","url":"https:\/\/api.planb-escape.de\/","logo":{"@type":"ImageObject","inLanguage":"en-US","@id":"https:\/\/api.planb-escape.de\/#\/schema\/logo\/image\/","url":"https:\/\/api.planb-escape.de\/wp-content\/uploads\/2023\/12\/6b83ddebfe241f842020d88e4ce6c935.svg","contentUrl":"https:\/\/api.planb-escape.de\/wp-content\/uploads\/2023\/12\/6b83ddebfe241f842020d88e4ce6c935.svg","width":110,"height":30,"caption":"PlanB"},"image":{"@id":"https:\/\/api.planb-escape.de\/#\/schema\/logo\/image\/"},"sameAs":["https:\/\/www.facebook.com\/planbescapestuttgart\/","https:\/\/www.instagram.com\/plan_b_escape\/","https:\/\/www.youtube.com\/channel\/UCc8GQE2-pkCtyc1ZekUWn9Q"]}]}},"acf":[],"_links":{"self":[{"href":"https:\/\/api.planb-escape.de\/en\/wp-json\/wp\/v2\/pages\/163"}],"collection":[{"href":"https:\/\/api.planb-escape.de\/en\/wp-json\/wp\/v2\/pages"}],"about":[{"href":"https:\/\/api.planb-escape.de\/en\/wp-json\/wp\/v2\/types\/page"}],"author":[{"embeddable":true,"href":"https:\/\/api.planb-escape.de\/en\/wp-json\/wp\/v2\/users\/1"}],"replies":[{"embeddable":true,"href":"https:\/\/api.planb-escape.de\/en\/wp-json\/wp\/v2\/comments?post=163"}],"version-history":[{"count":14,"href":"https:\/\/api.planb-escape.de\/en\/wp-json\/wp\/v2\/pages\/163\/revisions"}],"predecessor-version":[{"id":3015,"href":"https:\/\/api.planb-escape.de\/en\/wp-json\/wp\/v2\/pages\/163\/revisions\/3015"}],"wp:attachment":[{"href":"https:\/\/api.planb-escape.de\/en\/wp-json\/wp\/v2\/media?parent=163"}],"curies":[{"name":"wp","href":"https:\/\/api.w.org\/{rel}","templated":true}]}}