{"id":364,"date":"2019-04-25T17:09:54","date_gmt":"2019-04-25T14:09:54","guid":{"rendered":"https:\/\/api.p-a.design\/?page_id=364"},"modified":"2025-03-27T10:33:41","modified_gmt":"2025-03-27T09:33:41","slug":"voucher","status":"publish","type":"page","link":"https:\/\/api.planb-escape.de\/de\/voucher\/","title":{"rendered":"Gutscheine"},"content":{"rendered":"<p><script type=\"text\/javascript\" src=\"https:\/\/bookeo.com\/widget.js?a=42554YJA6C716A1758D728\"><\/script><\/p>\n","protected":false},"excerpt":{"rendered":"","protected":false},"author":1,"featured_media":0,"parent":0,"menu_order":0,"comment_status":"closed","ping_status":"closed","template":"","meta":{"footnotes":""},"yoast_head":"<!-- This site is optimized with the Yoast SEO plugin v21.7 - https:\/\/yoast.com\/wordpress\/plugins\/seo\/ -->\n<title>Escape Room Gutschein | PlanB Escape Game Stuttgart<\/title>\n<meta name=\"robots\" content=\"index, follow, max-snippet:-1, max-image-preview:large, max-video-preview:-1\" \/>\n<link rel=\"canonical\" href=\"https:\/\/api.planb-escape.de\/voucher\/\" \/>\n<meta property=\"og:locale\" content=\"de_DE\" \/>\n<meta property=\"og:type\" content=\"article\" \/>\n<meta property=\"og:title\" content=\"Escape Room Gutschein | PlanB Escape Game Stuttgart\" \/>\n<meta property=\"og:url\" content=\"https:\/\/api.planb-escape.de\/voucher\/\" \/>\n<meta property=\"og:site_name\" content=\"PlanB\" \/>\n<meta property=\"article:publisher\" content=\"https:\/\/www.facebook.com\/planbescapestuttgart\/\" \/>\n<meta property=\"article:modified_time\" content=\"2025-03-27T09:33:41+00:00\" \/>\n<meta name=\"twitter:card\" content=\"summary_large_image\" \/>\n<script type=\"application\/ld+json\" class=\"yoast-schema-graph\">{\"@context\":\"https:\/\/schema.org\",\"@graph\":[{\"@type\":\"WebPage\",\"@id\":\"https:\/\/api.planb-escape.de\/voucher\/\",\"url\":\"https:\/\/api.planb-escape.de\/voucher\/\",\"name\":\"Escape Room Gutschein | PlanB Escape Game Stuttgart\",\"isPartOf\":{\"@id\":\"https:\/\/api.planb-escape.de\/#website\"},\"datePublished\":\"2019-04-25T14:09:54+00:00\",\"dateModified\":\"2025-03-27T09:33:41+00:00\",\"breadcrumb\":{\"@id\":\"https:\/\/api.planb-escape.de\/voucher\/#breadcrumb\"},\"inLanguage\":\"de\",\"potentialAction\":[{\"@type\":\"ReadAction\",\"target\":[\"https:\/\/api.planb-escape.de\/voucher\/\"]}]},{\"@type\":\"BreadcrumbList\",\"@id\":\"https:\/\/api.planb-escape.de\/voucher\/#breadcrumb\",\"itemListElement\":[{\"@type\":\"ListItem\",\"position\":1,\"name\":\"\u0413\u043b\u0430\u0432\u043d\u0430\u044f \u0441\u0442\u0440\u0430\u043d\u0438\u0446\u0430\",\"item\":\"https:\/\/api.planb-escape.de\/de\/\"},{\"@type\":\"ListItem\",\"position\":2,\"name\":\"Gutscheine\"}]},{\"@type\":\"WebSite\",\"@id\":\"https:\/\/api.planb-escape.de\/#website\",\"url\":\"https:\/\/api.planb-escape.de\/\",\"name\":\"PlanB\",\"description\":\"escape room\",\"publisher\":{\"@id\":\"https:\/\/api.planb-escape.de\/#organization\"},\"potentialAction\":[{\"@type\":\"SearchAction\",\"target\":{\"@type\":\"EntryPoint\",\"urlTemplate\":\"https:\/\/api.planb-escape.de\/?s={search_term_string}\"},\"query-input\":\"required name=search_term_string\"}],\"inLanguage\":\"de\"},{\"@type\":\"Organization\",\"@id\":\"https:\/\/api.planb-escape.de\/#organization\",\"name\":\"PlanB\",\"url\":\"https:\/\/api.planb-escape.de\/\",\"logo\":{\"@type\":\"ImageObject\",\"inLanguage\":\"de\",\"@id\":\"https:\/\/api.planb-escape.de\/#\/schema\/logo\/image\/\",\"url\":\"https:\/\/api.planb-escape.de\/wp-content\/uploads\/2023\/12\/6b83ddebfe241f842020d88e4ce6c935.svg\",\"contentUrl\":\"https:\/\/api.planb-escape.de\/wp-content\/uploads\/2023\/12\/6b83ddebfe241f842020d88e4ce6c935.svg\",\"width\":110,\"height\":30,\"caption\":\"PlanB\"},\"image\":{\"@id\":\"https:\/\/api.planb-escape.de\/#\/schema\/logo\/image\/\"},\"sameAs\":[\"https:\/\/www.facebook.com\/planbescapestuttgart\/\",\"https:\/\/www.instagram.com\/plan_b_escape\/\",\"https:\/\/www.youtube.com\/channel\/UCc8GQE2-pkCtyc1ZekUWn9Q\"]}]}<\/script>\n<!-- \/ Yoast SEO plugin. -->","yoast_head_json":{"title":"Escape Room Gutschein | PlanB Escape Game Stuttgart","robots":{"index":"index","follow":"follow","max-snippet":"max-snippet:-1","max-image-preview":"max-image-preview:large","max-video-preview":"max-video-preview:-1"},"canonical":"https:\/\/api.planb-escape.de\/voucher\/","og_locale":"de_DE","og_type":"article","og_title":"Escape Room Gutschein | PlanB Escape Game Stuttgart","og_url":"https:\/\/api.planb-escape.de\/voucher\/","og_site_name":"PlanB","article_publisher":"https:\/\/www.facebook.com\/planbescapestuttgart\/","article_modified_time":"2025-03-27T09:33:41+00:00","twitter_card":"summary_large_image","schema":{"@context":"https:\/\/schema.org","@graph":[{"@type":"WebPage","@id":"https:\/\/api.planb-escape.de\/voucher\/","url":"https:\/\/api.planb-escape.de\/voucher\/","name":"Escape Room Gutschein | PlanB Escape Game Stuttgart","isPartOf":{"@id":"https:\/\/api.planb-escape.de\/#website"},"datePublished":"2019-04-25T14:09:54+00:00","dateModified":"2025-03-27T09:33:41+00:00","breadcrumb":{"@id":"https:\/\/api.planb-escape.de\/voucher\/#breadcrumb"},"inLanguage":"de","potentialAction":[{"@type":"ReadAction","target":["https:\/\/api.planb-escape.de\/voucher\/"]}]},{"@type":"BreadcrumbList","@id":"https:\/\/api.planb-escape.de\/voucher\/#breadcrumb","itemListElement":[{"@type":"ListItem","position":1,"name":"\u0413\u043b\u0430\u0432\u043d\u0430\u044f \u0441\u0442\u0440\u0430\u043d\u0438\u0446\u0430","item":"https:\/\/api.planb-escape.de\/de\/"},{"@type":"ListItem","position":2,"name":"Gutscheine"}]},{"@type":"WebSite","@id":"https:\/\/api.planb-escape.de\/#website","url":"https:\/\/api.planb-escape.de\/","name":"PlanB","description":"escape room","publisher":{"@id":"https:\/\/api.planb-escape.de\/#organization"},"potentialAction":[{"@type":"SearchAction","target":{"@type":"EntryPoint","urlTemplate":"https:\/\/api.planb-escape.de\/?s={search_term_string}"},"query-input":"required name=search_term_string"}],"inLanguage":"de"},{"@type":"Organization","@id":"https:\/\/api.planb-escape.de\/#organization","name":"PlanB","url":"https:\/\/api.planb-escape.de\/","logo":{"@type":"ImageObject","inLanguage":"de","@id":"https:\/\/api.planb-escape.de\/#\/schema\/logo\/image\/","url":"https:\/\/api.planb-escape.de\/wp-content\/uploads\/2023\/12\/6b83ddebfe241f842020d88e4ce6c935.svg","contentUrl":"https:\/\/api.planb-escape.de\/wp-content\/uploads\/2023\/12\/6b83ddebfe241f842020d88e4ce6c935.svg","width":110,"height":30,"caption":"PlanB"},"image":{"@id":"https:\/\/api.planb-escape.de\/#\/schema\/logo\/image\/"},"sameAs":["https:\/\/www.facebook.com\/planbescapestuttgart\/","https:\/\/www.instagram.com\/plan_b_escape\/","https:\/\/www.youtube.com\/channel\/UCc8GQE2-pkCtyc1ZekUWn9Q"]}]}},"acf":{"subheading":"<p>Mit einem Gutschein f\u00fcr Plan B Escape machst Du nichts falsch. Denn wer freut Sich nicht \u00fcber ein gemeinsames Erlebnis welches nicht in Vergessenheit ger\u00e4t.<\/p>\n","after_button":"<h2>Das ganz besondere Geschenk<\/h2>\n<p>Bist du auf der Suche nach einem ausgefallenen Geschenk f\u00fcr einen guten Freund oder die ganze Familie? Es ist wieder soweit und ein Geburtstag oder Weihnachten stehen f\u00fcr der T\u00fcr und du bist immer noch auf der Suche nach dem perfekten Geschenk. Kein Problem \u2013 Dann bist du bei uns genau richtig.<\/p>\n","two_cols":[{"icon":"https:\/\/api.planb-escape.de\/wp-content\/uploads\/2019\/05\/Group.svg","heading":"Kein Warten","description":""},{"icon":"https:\/\/api.planb-escape.de\/wp-content\/uploads\/2019\/05\/icontimeless.svg","heading":"G\u00fcltig 12 Monate","description":""}],"text_blocks":[{"content":"<h2>Standard Geschenkgutschein<\/h2>\n<p>Kaufe ein Geschenkgutschein \u00fcber einen bestimmten Vertrag oder f\u00fcr ein bestimmtes Spiel. Dieser kann dann bei deiner n\u00e4chsten Buchen eingel\u00f6st werden.<\/p>\n"},{"content":"<h2>Spezifischer Geschenkgutschein<\/h2>\n<p>Kaufen ein Geschenkgutschein f\u00fcr einen bestimmten Escape Room und eine bestimmte Anzahl von Personen. Der Empf\u00e4nger muss nur ein Datum und eine Uhrzeit ausw\u00e4hlen und sieht nie den Preis.<\/p>\n"}],"already_have":"<p>Bitte w\u00e4hlen Sie einen Standort aus, um einen Gutschein zu kaufen.<\/p>\n","heading_for_tabs":"Please, select a location to buy the voucher"},"_links":{"self":[{"href":"https:\/\/api.planb-escape.de\/de\/wp-json\/wp\/v2\/pages\/364"}],"collection":[{"href":"https:\/\/api.planb-escape.de\/de\/wp-json\/wp\/v2\/pages"}],"about":[{"href":"https:\/\/api.planb-escape.de\/de\/wp-json\/wp\/v2\/types\/page"}],"author":[{"embeddable":true,"href":"https:\/\/api.planb-escape.de\/de\/wp-json\/wp\/v2\/users\/1"}],"replies":[{"embeddable":true,"href":"https:\/\/api.planb-escape.de\/de\/wp-json\/wp\/v2\/comments?post=364"}],"version-history":[{"count":17,"href":"https:\/\/api.planb-escape.de\/de\/wp-json\/wp\/v2\/pages\/364\/revisions"}],"predecessor-version":[{"id":3279,"href":"https:\/\/api.planb-escape.de\/de\/wp-json\/wp\/v2\/pages\/364\/revisions\/3279"}],"wp:attachment":[{"href":"https:\/\/api.planb-escape.de\/de\/wp-json\/wp\/v2\/media?parent=364"}],"curies":[{"name":"wp","href":"https:\/\/api.w.org\/{rel}","templated":true}]}}