{"id":2438,"date":"2020-05-10T18:09:01","date_gmt":"2020-05-10T15:09:01","guid":{"rendered":"https:\/\/api.planb-escape.de\/?page_id=2438"},"modified":"2020-05-14T16:52:12","modified_gmt":"2020-05-14T13:52:12","slug":"online-regeln","status":"publish","type":"page","link":"https:\/\/api.planb-escape.de\/de\/online-regeln\/","title":{"rendered":"Online Regeln"},"content":{"rendered":"<p>Vielen Dank dass ihr euch f\u00fcr eine Spiel bei Plan B entschieden habt, hier findet ihr eine \u00dcbersicht \u00fcber die Regeln und was ihr bei eurem Spiel beachten m\u00fcsst.<\/p>\n<div class=\"video-wrapper\"><iframe loading=\"lazy\" width=\"1120\" height=\"630\" src=\"https:\/\/www.youtube.com\/embed\/pLPZ_vU4MCU\" frameborder=\"0\" allow=\"accelerometer; autoplay; encrypted-media; gyroscope; picture-in-picture\" allowfullscreen><\/iframe><\/div>\n<h2>Wie wird gespielt?<\/h2>\n<p>Es ist ein normaler Escape Room, das hei\u00dft euer Ziel ist es wie gewohnt aus dem Raum zu entkommen indem ihr verschiedenste Aufgaben und R\u00e4tsel l\u00f6st.<\/p>\n<p>Der gro\u00dfe Unterschied, du und dein Team, ihr seid nicht selbst im Raum sondern gebt unserem Spielleiter der mit einer Kamera im Raum steht Befehle die er dann ausf\u00fchren muss.<\/p>\n<p>Eine Liste der m\u00f6glichen Befehle findet ihr w\u00e4hrend eures Spiels in eurem Inventar.<\/p>\n<h2>Was ist erlaubt und was sollten wir lassen?<\/h2>\n<ul>\n<li>Erlaubt ist prinzipiell alles was nicht beleidigend oder in sonst einer Art obsz\u00f6n oder kr\u00e4nkend ist;<\/li>\n<li>Untereinander d\u00fcrft ihr euch Unterhalten wie ihr m\u00f6chtet aber unsere Spielleiter sind auch nur Menschen, seht also von Beleidigungen, Provokationen oder anz\u00fcglichen Bemerkungen ihnen gegen\u00fcber ab;<\/li>\n<li>Bedenkt, dass es immer im Ermessen des Spielleiters liegt ob er einen Befehl ausf\u00fchrt oder nicht, ebenso liegt es im Ermessen des Spielleiters ob euer Verhalten zu weit geht oder nicht, im Extremfall ist es unseren Spielleitern erlaubt das Spiel abzubrechen.<\/li>\n<\/ul>\n<p>Das sind auch schon die Grundregeln, sollte euch etwas nicht klar sein, oder solltet ihr Hilfe bei den R\u00e4tseln ben\u00f6tigen k\u00f6nnt ihr euch nat\u00fcrlich an den Spielleiter eures Spieles wenden der euch weiterhelfen kann.<\/p>\n<h2>Befehle<\/h2>\n<p>Haltet euch bei eurem Spiel bitte an die hier aufgelisteten Befehle, falls etwas nicht eindeutig ist d\u00fcrft ihr nat\u00fcrlich auch eigene Befehle geben, der \u00dcbersichtlichkeit halber solltet ihr euch allerdings an diese hier halten:<\/p>\n<ul>\n<li>Schaue nach \u2026<\/li>\n<li>Schaue unter \u2026<\/li>\n<li>Schaue \u2026 an<\/li>\n<li>Nimm \u2026<\/li>\n<li>Drehe \u2026<\/li>\n<li>Drehe \u2026 nach \u2026<\/li>\n<li>Stelle \u2026 ein<\/li>\n<li>Stelle \u2026 bei \u2026 ein<\/li>\n<li>Ber\u00fchre \u2026<\/li>\n<li>Ber\u00fchre \u2026 mit \u2026<\/li>\n<li>Stelle \u2026 auf \u2026<\/li>\n<li>Stecke \u2026 in \u2026<\/li>\n<li>Dr\u00fccke \u2026<\/li>\n<li>Gehe zu \u2026<\/li>\n<li>Gehe zur\u00fcck zu \u2026<\/li>\n<li>Kombiniere \u2026 mit \u2026<\/li>\n<li>Setzte \u2026 nach\/auf \u2026<\/li>\n<li>Was haben wir im Inventar?<\/li>\n<\/ul>\n<p><\/p>","protected":false},"excerpt":{"rendered":"<p>Vielen Dank dass ihr euch f\u00fcr eine Spiel bei Plan B entschieden habt, hier findet ihr eine \u00dcbersicht \u00fcber die Regeln und was ihr bei eurem Spiel beachten m\u00fcsst. Wie wird gespielt? Es ist ein normaler Escape Room, das hei\u00dft euer Ziel ist es wie gewohnt aus dem Raum zu [&hellip;]<\/p>\n","protected":false},"author":1,"featured_media":0,"parent":0,"menu_order":0,"comment_status":"closed","ping_status":"closed","template":"","meta":{"footnotes":""},"yoast_head":"<!-- This site is optimized with the Yoast SEO plugin v21.7 - https:\/\/yoast.com\/wordpress\/plugins\/seo\/ -->\n<title>Online Regeln - PlanB<\/title>\n<meta name=\"robots\" content=\"index, follow, max-snippet:-1, max-image-preview:large, max-video-preview:-1\" \/>\n<link rel=\"canonical\" href=\"https:\/\/api.planb-escape.de\/de\/online-regeln\/\" \/>\n<meta property=\"og:locale\" content=\"de_DE\" \/>\n<meta property=\"og:type\" content=\"article\" \/>\n<meta property=\"og:title\" content=\"Online Regeln - PlanB\" \/>\n<meta property=\"og:description\" content=\"Vielen Dank dass ihr euch f\u00fcr eine Spiel bei Plan B entschieden habt, hier findet ihr eine \u00dcbersicht \u00fcber die Regeln und was ihr bei eurem Spiel beachten m\u00fcsst. Wie wird gespielt? Es ist ein normaler Escape Room, das hei\u00dft euer Ziel ist es wie gewohnt aus dem Raum zu [&hellip;]\" \/>\n<meta property=\"og:url\" content=\"https:\/\/api.planb-escape.de\/de\/online-regeln\/\" \/>\n<meta property=\"og:site_name\" content=\"PlanB\" \/>\n<meta property=\"article:publisher\" content=\"https:\/\/www.facebook.com\/planbescapestuttgart\/\" \/>\n<meta property=\"article:modified_time\" content=\"2020-05-14T13:52:12+00:00\" \/>\n<meta name=\"twitter:card\" content=\"summary_large_image\" \/>\n<script type=\"application\/ld+json\" class=\"yoast-schema-graph\">{\"@context\":\"https:\/\/schema.org\",\"@graph\":[{\"@type\":\"WebPage\",\"@id\":\"https:\/\/api.planb-escape.de\/de\/online-regeln\/\",\"url\":\"https:\/\/api.planb-escape.de\/de\/online-regeln\/\",\"name\":\"Online Regeln - PlanB\",\"isPartOf\":{\"@id\":\"https:\/\/api.planb-escape.de\/#website\"},\"datePublished\":\"2020-05-10T15:09:01+00:00\",\"dateModified\":\"2020-05-14T13:52:12+00:00\",\"breadcrumb\":{\"@id\":\"https:\/\/api.planb-escape.de\/de\/online-regeln\/#breadcrumb\"},\"inLanguage\":\"de\",\"potentialAction\":[{\"@type\":\"ReadAction\",\"target\":[\"https:\/\/api.planb-escape.de\/de\/online-regeln\/\"]}]},{\"@type\":\"BreadcrumbList\",\"@id\":\"https:\/\/api.planb-escape.de\/de\/online-regeln\/#breadcrumb\",\"itemListElement\":[{\"@type\":\"ListItem\",\"position\":1,\"name\":\"\u0413\u043b\u0430\u0432\u043d\u0430\u044f \u0441\u0442\u0440\u0430\u043d\u0438\u0446\u0430\",\"item\":\"https:\/\/api.planb-escape.de\/de\/\"},{\"@type\":\"ListItem\",\"position\":2,\"name\":\"Online Regeln\"}]},{\"@type\":\"WebSite\",\"@id\":\"https:\/\/api.planb-escape.de\/#website\",\"url\":\"https:\/\/api.planb-escape.de\/\",\"name\":\"PlanB\",\"description\":\"escape room\",\"publisher\":{\"@id\":\"https:\/\/api.planb-escape.de\/#organization\"},\"potentialAction\":[{\"@type\":\"SearchAction\",\"target\":{\"@type\":\"EntryPoint\",\"urlTemplate\":\"https:\/\/api.planb-escape.de\/?s={search_term_string}\"},\"query-input\":\"required name=search_term_string\"}],\"inLanguage\":\"de\"},{\"@type\":\"Organization\",\"@id\":\"https:\/\/api.planb-escape.de\/#organization\",\"name\":\"PlanB\",\"url\":\"https:\/\/api.planb-escape.de\/\",\"logo\":{\"@type\":\"ImageObject\",\"inLanguage\":\"de\",\"@id\":\"https:\/\/api.planb-escape.de\/#\/schema\/logo\/image\/\",\"url\":\"https:\/\/api.planb-escape.de\/wp-content\/uploads\/2023\/12\/6b83ddebfe241f842020d88e4ce6c935.svg\",\"contentUrl\":\"https:\/\/api.planb-escape.de\/wp-content\/uploads\/2023\/12\/6b83ddebfe241f842020d88e4ce6c935.svg\",\"width\":110,\"height\":30,\"caption\":\"PlanB\"},\"image\":{\"@id\":\"https:\/\/api.planb-escape.de\/#\/schema\/logo\/image\/\"},\"sameAs\":[\"https:\/\/www.facebook.com\/planbescapestuttgart\/\",\"https:\/\/www.instagram.com\/plan_b_escape\/\",\"https:\/\/www.youtube.com\/channel\/UCc8GQE2-pkCtyc1ZekUWn9Q\"]}]}<\/script>\n<!-- \/ Yoast SEO plugin. -->","yoast_head_json":{"title":"Online Regeln - PlanB","robots":{"index":"index","follow":"follow","max-snippet":"max-snippet:-1","max-image-preview":"max-image-preview:large","max-video-preview":"max-video-preview:-1"},"canonical":"https:\/\/api.planb-escape.de\/de\/online-regeln\/","og_locale":"de_DE","og_type":"article","og_title":"Online Regeln - PlanB","og_description":"Vielen Dank dass ihr euch f\u00fcr eine Spiel bei Plan B entschieden habt, hier findet ihr eine \u00dcbersicht \u00fcber die Regeln und was ihr bei eurem Spiel beachten m\u00fcsst. Wie wird gespielt? Es ist ein normaler Escape Room, das hei\u00dft euer Ziel ist es wie gewohnt aus dem Raum zu [&hellip;]","og_url":"https:\/\/api.planb-escape.de\/de\/online-regeln\/","og_site_name":"PlanB","article_publisher":"https:\/\/www.facebook.com\/planbescapestuttgart\/","article_modified_time":"2020-05-14T13:52:12+00:00","twitter_card":"summary_large_image","schema":{"@context":"https:\/\/schema.org","@graph":[{"@type":"WebPage","@id":"https:\/\/api.planb-escape.de\/de\/online-regeln\/","url":"https:\/\/api.planb-escape.de\/de\/online-regeln\/","name":"Online Regeln - PlanB","isPartOf":{"@id":"https:\/\/api.planb-escape.de\/#website"},"datePublished":"2020-05-10T15:09:01+00:00","dateModified":"2020-05-14T13:52:12+00:00","breadcrumb":{"@id":"https:\/\/api.planb-escape.de\/de\/online-regeln\/#breadcrumb"},"inLanguage":"de","potentialAction":[{"@type":"ReadAction","target":["https:\/\/api.planb-escape.de\/de\/online-regeln\/"]}]},{"@type":"BreadcrumbList","@id":"https:\/\/api.planb-escape.de\/de\/online-regeln\/#breadcrumb","itemListElement":[{"@type":"ListItem","position":1,"name":"\u0413\u043b\u0430\u0432\u043d\u0430\u044f \u0441\u0442\u0440\u0430\u043d\u0438\u0446\u0430","item":"https:\/\/api.planb-escape.de\/de\/"},{"@type":"ListItem","position":2,"name":"Online Regeln"}]},{"@type":"WebSite","@id":"https:\/\/api.planb-escape.de\/#website","url":"https:\/\/api.planb-escape.de\/","name":"PlanB","description":"escape room","publisher":{"@id":"https:\/\/api.planb-escape.de\/#organization"},"potentialAction":[{"@type":"SearchAction","target":{"@type":"EntryPoint","urlTemplate":"https:\/\/api.planb-escape.de\/?s={search_term_string}"},"query-input":"required name=search_term_string"}],"inLanguage":"de"},{"@type":"Organization","@id":"https:\/\/api.planb-escape.de\/#organization","name":"PlanB","url":"https:\/\/api.planb-escape.de\/","logo":{"@type":"ImageObject","inLanguage":"de","@id":"https:\/\/api.planb-escape.de\/#\/schema\/logo\/image\/","url":"https:\/\/api.planb-escape.de\/wp-content\/uploads\/2023\/12\/6b83ddebfe241f842020d88e4ce6c935.svg","contentUrl":"https:\/\/api.planb-escape.de\/wp-content\/uploads\/2023\/12\/6b83ddebfe241f842020d88e4ce6c935.svg","width":110,"height":30,"caption":"PlanB"},"image":{"@id":"https:\/\/api.planb-escape.de\/#\/schema\/logo\/image\/"},"sameAs":["https:\/\/www.facebook.com\/planbescapestuttgart\/","https:\/\/www.instagram.com\/plan_b_escape\/","https:\/\/www.youtube.com\/channel\/UCc8GQE2-pkCtyc1ZekUWn9Q"]}]}},"acf":[],"_links":{"self":[{"href":"https:\/\/api.planb-escape.de\/de\/wp-json\/wp\/v2\/pages\/2438"}],"collection":[{"href":"https:\/\/api.planb-escape.de\/de\/wp-json\/wp\/v2\/pages"}],"about":[{"href":"https:\/\/api.planb-escape.de\/de\/wp-json\/wp\/v2\/types\/page"}],"author":[{"embeddable":true,"href":"https:\/\/api.planb-escape.de\/de\/wp-json\/wp\/v2\/users\/1"}],"replies":[{"embeddable":true,"href":"https:\/\/api.planb-escape.de\/de\/wp-json\/wp\/v2\/comments?post=2438"}],"version-history":[{"count":4,"href":"https:\/\/api.planb-escape.de\/de\/wp-json\/wp\/v2\/pages\/2438\/revisions"}],"predecessor-version":[{"id":2443,"href":"https:\/\/api.planb-escape.de\/de\/wp-json\/wp\/v2\/pages\/2438\/revisions\/2443"}],"wp:attachment":[{"href":"https:\/\/api.planb-escape.de\/de\/wp-json\/wp\/v2\/media?parent=2438"}],"curies":[{"name":"wp","href":"https:\/\/api.w.org\/{rel}","templated":true}]}}