{"id":165,"date":"2019-04-08T16:34:15","date_gmt":"2019-04-08T13:34:15","guid":{"rendered":"https:\/\/api.p-a.design\/?page_id=165"},"modified":"2025-09-11T10:23:14","modified_gmt":"2025-09-11T09:23:14","slug":"faq","status":"publish","type":"page","link":"https:\/\/api.planb-escape.de\/de\/faq\/","title":{"rendered":"FAQ"},"content":{"rendered":"","protected":false},"excerpt":{"rendered":"","protected":false},"author":1,"featured_media":0,"parent":0,"menu_order":0,"comment_status":"closed","ping_status":"closed","template":"","meta":{"footnotes":""},"yoast_head":"<!-- This site is optimized with the Yoast SEO plugin v21.7 - https:\/\/yoast.com\/wordpress\/plugins\/seo\/ -->\n<title>FAQ - PlanB<\/title>\n<meta name=\"description\" content=\"Escape Room FAQ: H\u00e4ufig gestellte Fragen zu unseren Escape Rooms. Finden Sie Antworten auf Ihre Fragen und buchen Sie Ihr n\u00e4chstes Abenteuer.\" \/>\n<meta name=\"robots\" content=\"index, follow, max-snippet:-1, max-image-preview:large, max-video-preview:-1\" \/>\n<link rel=\"canonical\" href=\"https:\/\/api.planb-escape.de\/faq\/\" \/>\n<meta property=\"og:locale\" content=\"de_DE\" \/>\n<meta property=\"og:type\" content=\"article\" \/>\n<meta property=\"og:title\" content=\"FAQ - PlanB\" \/>\n<meta property=\"og:description\" content=\"[:de]Escape Room FAQ: H\u00e4ufig gestellte Fragen zu unseren Escape Rooms. Finden Sie Antworten auf Ihre Fragen und buchen Sie Ihr n\u00e4chstes Abenteuer.[:en]Escape Room FAQ: Frequently asked questions about our escape rooms. Find answers to your questions and book your next adventure.[:]\" \/>\n<meta property=\"og:url\" content=\"https:\/\/api.planb-escape.de\/faq\/\" \/>\n<meta property=\"og:site_name\" content=\"PlanB\" \/>\n<meta property=\"article:publisher\" content=\"https:\/\/www.facebook.com\/planbescapestuttgart\/\" \/>\n<meta property=\"article:modified_time\" content=\"2025-09-11T09:23:14+00:00\" \/>\n<meta name=\"twitter:card\" content=\"summary_large_image\" \/>\n<script type=\"application\/ld+json\" class=\"yoast-schema-graph\">{\"@context\":\"https:\/\/schema.org\",\"@graph\":[{\"@type\":\"WebPage\",\"@id\":\"https:\/\/api.planb-escape.de\/faq\/\",\"url\":\"https:\/\/api.planb-escape.de\/faq\/\",\"name\":\"FAQ - PlanB\",\"isPartOf\":{\"@id\":\"https:\/\/api.planb-escape.de\/#website\"},\"datePublished\":\"2019-04-08T13:34:15+00:00\",\"dateModified\":\"2025-09-11T09:23:14+00:00\",\"description\":\"[:de]Escape Room FAQ: H\u00e4ufig gestellte Fragen zu unseren Escape Rooms. Finden Sie Antworten auf Ihre Fragen und buchen Sie Ihr n\u00e4chstes Abenteuer.[:en]Escape Room FAQ: Frequently asked questions about our escape rooms. Find answers to your questions and book your next adventure.[:]\",\"breadcrumb\":{\"@id\":\"https:\/\/api.planb-escape.de\/faq\/#breadcrumb\"},\"inLanguage\":\"de\",\"potentialAction\":[{\"@type\":\"ReadAction\",\"target\":[\"https:\/\/api.planb-escape.de\/faq\/\"]}]},{\"@type\":\"BreadcrumbList\",\"@id\":\"https:\/\/api.planb-escape.de\/faq\/#breadcrumb\",\"itemListElement\":[{\"@type\":\"ListItem\",\"position\":1,\"name\":\"\u0413\u043b\u0430\u0432\u043d\u0430\u044f \u0441\u0442\u0440\u0430\u043d\u0438\u0446\u0430\",\"item\":\"https:\/\/api.planb-escape.de\/de\/\"},{\"@type\":\"ListItem\",\"position\":2,\"name\":\"FAQ\"}]},{\"@type\":\"WebSite\",\"@id\":\"https:\/\/api.planb-escape.de\/#website\",\"url\":\"https:\/\/api.planb-escape.de\/\",\"name\":\"PlanB\",\"description\":\"escape room\",\"publisher\":{\"@id\":\"https:\/\/api.planb-escape.de\/#organization\"},\"potentialAction\":[{\"@type\":\"SearchAction\",\"target\":{\"@type\":\"EntryPoint\",\"urlTemplate\":\"https:\/\/api.planb-escape.de\/?s={search_term_string}\"},\"query-input\":\"required name=search_term_string\"}],\"inLanguage\":\"de\"},{\"@type\":\"Organization\",\"@id\":\"https:\/\/api.planb-escape.de\/#organization\",\"name\":\"PlanB\",\"url\":\"https:\/\/api.planb-escape.de\/\",\"logo\":{\"@type\":\"ImageObject\",\"inLanguage\":\"de\",\"@id\":\"https:\/\/api.planb-escape.de\/#\/schema\/logo\/image\/\",\"url\":\"https:\/\/api.planb-escape.de\/wp-content\/uploads\/2023\/12\/6b83ddebfe241f842020d88e4ce6c935.svg\",\"contentUrl\":\"https:\/\/api.planb-escape.de\/wp-content\/uploads\/2023\/12\/6b83ddebfe241f842020d88e4ce6c935.svg\",\"width\":110,\"height\":30,\"caption\":\"PlanB\"},\"image\":{\"@id\":\"https:\/\/api.planb-escape.de\/#\/schema\/logo\/image\/\"},\"sameAs\":[\"https:\/\/www.facebook.com\/planbescapestuttgart\/\",\"https:\/\/www.instagram.com\/plan_b_escape\/\",\"https:\/\/www.youtube.com\/channel\/UCc8GQE2-pkCtyc1ZekUWn9Q\"]}]}<\/script>\n<!-- \/ Yoast SEO plugin. -->","yoast_head_json":{"title":"FAQ - PlanB","description":"Escape Room FAQ: H\u00e4ufig gestellte Fragen zu unseren Escape Rooms. Finden Sie Antworten auf Ihre Fragen und buchen Sie Ihr n\u00e4chstes Abenteuer.","robots":{"index":"index","follow":"follow","max-snippet":"max-snippet:-1","max-image-preview":"max-image-preview:large","max-video-preview":"max-video-preview:-1"},"canonical":"https:\/\/api.planb-escape.de\/faq\/","og_locale":"de_DE","og_type":"article","og_title":"FAQ - PlanB","og_description":"[:de]Escape Room FAQ: H\u00e4ufig gestellte Fragen zu unseren Escape Rooms. Finden Sie Antworten auf Ihre Fragen und buchen Sie Ihr n\u00e4chstes Abenteuer.[:en]Escape Room FAQ: Frequently asked questions about our escape rooms. Find answers to your questions and book your next adventure.[:]","og_url":"https:\/\/api.planb-escape.de\/faq\/","og_site_name":"PlanB","article_publisher":"https:\/\/www.facebook.com\/planbescapestuttgart\/","article_modified_time":"2025-09-11T09:23:14+00:00","twitter_card":"summary_large_image","schema":{"@context":"https:\/\/schema.org","@graph":[{"@type":"WebPage","@id":"https:\/\/api.planb-escape.de\/faq\/","url":"https:\/\/api.planb-escape.de\/faq\/","name":"FAQ - PlanB","isPartOf":{"@id":"https:\/\/api.planb-escape.de\/#website"},"datePublished":"2019-04-08T13:34:15+00:00","dateModified":"2025-09-11T09:23:14+00:00","description":"[:de]Escape Room FAQ: H\u00e4ufig gestellte Fragen zu unseren Escape Rooms. Finden Sie Antworten auf Ihre Fragen und buchen Sie Ihr n\u00e4chstes Abenteuer.[:en]Escape Room FAQ: Frequently asked questions about our escape rooms. Find answers to your questions and book your next adventure.[:]","breadcrumb":{"@id":"https:\/\/api.planb-escape.de\/faq\/#breadcrumb"},"inLanguage":"de","potentialAction":[{"@type":"ReadAction","target":["https:\/\/api.planb-escape.de\/faq\/"]}]},{"@type":"BreadcrumbList","@id":"https:\/\/api.planb-escape.de\/faq\/#breadcrumb","itemListElement":[{"@type":"ListItem","position":1,"name":"\u0413\u043b\u0430\u0432\u043d\u0430\u044f \u0441\u0442\u0440\u0430\u043d\u0438\u0446\u0430","item":"https:\/\/api.planb-escape.de\/de\/"},{"@type":"ListItem","position":2,"name":"FAQ"}]},{"@type":"WebSite","@id":"https:\/\/api.planb-escape.de\/#website","url":"https:\/\/api.planb-escape.de\/","name":"PlanB","description":"escape room","publisher":{"@id":"https:\/\/api.planb-escape.de\/#organization"},"potentialAction":[{"@type":"SearchAction","target":{"@type":"EntryPoint","urlTemplate":"https:\/\/api.planb-escape.de\/?s={search_term_string}"},"query-input":"required name=search_term_string"}],"inLanguage":"de"},{"@type":"Organization","@id":"https:\/\/api.planb-escape.de\/#organization","name":"PlanB","url":"https:\/\/api.planb-escape.de\/","logo":{"@type":"ImageObject","inLanguage":"de","@id":"https:\/\/api.planb-escape.de\/#\/schema\/logo\/image\/","url":"https:\/\/api.planb-escape.de\/wp-content\/uploads\/2023\/12\/6b83ddebfe241f842020d88e4ce6c935.svg","contentUrl":"https:\/\/api.planb-escape.de\/wp-content\/uploads\/2023\/12\/6b83ddebfe241f842020d88e4ce6c935.svg","width":110,"height":30,"caption":"PlanB"},"image":{"@id":"https:\/\/api.planb-escape.de\/#\/schema\/logo\/image\/"},"sameAs":["https:\/\/www.facebook.com\/planbescapestuttgart\/","https:\/\/www.instagram.com\/plan_b_escape\/","https:\/\/www.youtube.com\/channel\/UCc8GQE2-pkCtyc1ZekUWn9Q"]}]}},"acf":{"faq_general_questions":{"title":"Allgemeine Fragen","content":[{"question":"Welche Zahlungsarten sind akzeptiert?","answer":"Online: PayPal, Bank\u00fcberweisung vom Girokonto und Kreditkarten\r\n\r\nOffline: Barzahlung, Paypal und auch Zahlungen per Karte","image":"https:\/\/api.planb-escape.de\/wp-content\/uploads\/2020\/02\/paypal-1.svg"},{"question":"K\u00f6nnen wir auch f\u00fcr gr\u00f6\u00dfere Gruppen buchen?","answer":"Ja das ist nat\u00fcrlich m\u00f6glich. Es ist allerdings auch von der aktuellen Buchungslage abh\u00e4ngig. Also bitte rechtzeitig anfragen zu unseren Fluchtspielen.","image":"https:\/\/api.planb-escape.de\/wp-content\/uploads\/2020\/02\/group-1.svg"},{"question":"Kann ich teilnehmen wenn ich k\u00f6rperlich eingeschr\u00e4nkt bin?","answer":"Die Quest-R\u00e4ume sind derzeit leider noch nicht rollstuhlgerecht.","image":"https:\/\/api.planb-escape.de\/wp-content\/uploads\/2020\/02\/inclusive-1.svg"},{"question":"Kann ich auch Gutscheine verschenken?","answer":"Ja, du kannst. Siehe Gutscheinseite f\u00fcr Details.","image":false},{"question":"Gibt es Parkm\u00f6glichkeiten in der N\u00e4he?","answer":"Stuttgart:\r\nIn der J\u00e4gerstra\u00dfe gibt es verschiedene g\u00fcnstige Parkm\u00f6glichkeiten (ca. 50 m von Plan B entfernt). Auch zu Fu\u00df sind wir gut, einfach und schnell zu erreichen. Vom Hauptbahnhof seid ihr in ca. 5-7 Minuten bei uns.\r\n\r\nKarlsruhe:\r\nIn der Gellertstra\u00dfe und den umliegenden Stra\u00dfen kann man ganz einfach kostenlos am Stra\u00dfenrand parken und findet hier im Normalfall auch immer einen freien Platz. Solltet ihr den \u00f6ffentlichen Nahverkehr nutzen: von der S-Bahn-Haltestelle H\u00e4ndelstra\u00dfe seid ihr in weniger als 5 Minuten zu Fu\u00df bei uns.","image":false}]},"faq_escape_rooms":{"title":"Escape Rooms","content":[{"question":"Sind die R\u00e4ume f\u00fcr Angsthasen geeignet?","answer":"Auch die \u00e4ngstlichen sind bei uns herzlich willkommen. Unsere R\u00e4ume sind nur ein bisschen gruselig. So wie es im Gef\u00e4ngnis eben ist...","image":"https:\/\/api.planb-escape.de\/wp-content\/uploads\/2020\/02\/cat-question-icon.svg"},{"question":"Wie viele Gruppen schaffen die Escape Rooms im Durchschnitt?","answer":"Im Schnitt schaffen die Escape Rooms etwa 75% der Gruppen.","image":"https:\/\/api.planb-escape.de\/wp-content\/uploads\/2020\/02\/trophy-question-icon.svg"},{"question":"Gibt es eine Altersbeschr\u00e4nkung?","answer":"Ja, Jugendliche unter 14 Jahre m\u00fcssen w\u00e4hrend Exitgames von einer erwachsenen Person begleitet werden. \r\nKinder im Alter 8-10 Jahre d\u00fcrfen nur mit einer schriftlichen Einverst\u00e4ndniserkl\u00e4rung und nur in bestimmten R\u00e4umen mitspielen. Eine erwachsene Begleitperson ist hier auch mit dabei.","image":"https:\/\/api.planb-escape.de\/wp-content\/uploads\/2020\/02\/Frame.svg"},{"question":"Muss ich meine Gesundheit betreffend etwas beachten?","answer":"Sollten Sie unter Platzangst leiden bitte vorher bei uns erkundigen, welche R\u00e4ume geeignet sind. Personen mit Nervenerkrankungen k\u00f6nnen leider nicht am Spiel teilnehmen.","image":false},{"question":"Kann ich den Raum, im Notfall, auch w\u00e4hrend dem Spiel verlassen ohne alle R\u00e4tsel davor zu l\u00f6sen?","answer":"Ja, aufgrund von Sicherheitsvorkehrungen und im Fall von einem Feuer, sind die Eingangst\u00fcren zu unseren R\u00e4umen einfach und schnell zu \u00f6ffnen.","image":false},{"question":"Werden die Spiele aufgezeichnet?","answer":"Nein, die Spiele werden nicht gespeichert. Die Kamera ist daf\u00fcr gedacht, dass der Spielleiter mal in kniffligen Situationen Eingreifen kann und um den Spielverlauf zu verfolgen.","image":false},{"question":"Was passiert wenn wir nicht mehr weiterkommen da wir das vorhandenen R\u00e4tsel nicht l\u00f6sen k\u00f6nnen, oder keine weiteren Hinweise finden k\u00f6nnen?","answer":"Ein Spielleiter ist immer \u00fcber ein Walkie-Talkie zu erreichen der euch einen weiteren kleinen Hinweis geben kann.","image":false},{"question":"Was passiert wenn die Zeit vorbei ist und wir noch nicht alle R\u00e4tsel gel\u00f6st haben, bzw entkommen sind?","answer":"Nach 60 Minuten kriegt ihr eine Durchsage von einem Spielleiter dass eure Zeit abgelaufen ist. Daraufhin wird ein Spielleiter den Raum betreten um gemeinsam mit euch die letzten R\u00e4tsel zu l\u00f6sen.","image":false},{"question":"Kann man einen Escape Room auch alleine spielen?","answer":"Man kann gewisse R\u00e4ume auch alleine spielen. Unsere Mitarbeiter beraten dich gerne welche R\u00e4ume hierf\u00fcr geeignet sind.","image":false}],"image":false},"faq_virtual_reality":{"title":"","content":false}},"_links":{"self":[{"href":"https:\/\/api.planb-escape.de\/de\/wp-json\/wp\/v2\/pages\/165"}],"collection":[{"href":"https:\/\/api.planb-escape.de\/de\/wp-json\/wp\/v2\/pages"}],"about":[{"href":"https:\/\/api.planb-escape.de\/de\/wp-json\/wp\/v2\/types\/page"}],"author":[{"embeddable":true,"href":"https:\/\/api.planb-escape.de\/de\/wp-json\/wp\/v2\/users\/1"}],"replies":[{"embeddable":true,"href":"https:\/\/api.planb-escape.de\/de\/wp-json\/wp\/v2\/comments?post=165"}],"version-history":[{"count":35,"href":"https:\/\/api.planb-escape.de\/de\/wp-json\/wp\/v2\/pages\/165\/revisions"}],"predecessor-version":[{"id":3341,"href":"https:\/\/api.planb-escape.de\/de\/wp-json\/wp\/v2\/pages\/165\/revisions\/3341"}],"wp:attachment":[{"href":"https:\/\/api.planb-escape.de\/de\/wp-json\/wp\/v2\/media?parent=165"}],"curies":[{"name":"wp","href":"https:\/\/api.w.org\/{rel}","templated":true}]}}