{"id":163,"date":"2019-04-06T19:36:46","date_gmt":"2019-04-06T16:36:46","guid":{"rendered":"https:\/\/api.p-a.design\/?page_id=163"},"modified":"2023-08-28T10:43:42","modified_gmt":"2023-08-28T07:43:42","slug":"terms-and-conditions","status":"publish","type":"page","link":"https:\/\/api.planb-escape.de\/de\/terms-and-conditions\/","title":{"rendered":"Allgemeines"},"content":{"rendered":"<p>PLAN B Escape Game GmbH<br \/>\nGellertstra\u00dfe 13<br \/>\n76185 Karlsruhe<\/p>\n<p>PLAN B Cube GmbH<br \/>\nGellertstra\u00dfe 13<br \/>\n76185 Karlsruhe<\/p>\n<p>Die Teilnahme ist nur f\u00fcr Personen ab einem Alter von 12 Jahren geeignet. Personen zwischen 12 und 14 Jahren k\u00f6nnen nur im Beisein der Eltern oder eines Erziehungsberechtigten teilnehmen. Die Angemessenheit der Teilnahme obliegt der Beurteilung durch die Eltern oder Erziehungsberechtigten. Die Verantwortung zur Einhaltung der angegebenen Altersuntergrenzen sowie das Einholen der Erlaubnis durch die Erziehungsberechtigten liegt in der Verantwortung der Person, welche die Buchung vornimmt. F\u00fcr Gutscheine die von anderen Anbietern als der Plan B Escape Game GmbH erworben wurden, gelten die Bedingungen dieses Anbieters. Ein abgelaufener Gutschein kann von uns nicht angenommen werden. Diesbez\u00fcglich ist das Unternehmen zu kontaktieren, das den Gutschein verkauft hat.<\/p>\n<h2>Buchung und Bezahlung<\/h2>\n<p>Bezahlung ist online aktuell per Paypal m\u00f6glich.<br \/>\nVor Ort bitten wir ausschlie\u00dflich Bar oder Paypal Zahlungen an. Ab 20 Personen kann auch eine Zahlung per \u00dcberweisung erfolgen.<br \/>\nDieses sollte im Vorfeld telefonisch oder per Mail vereinbart werden.<\/p>\n<h2>Stornierung<\/h2>\n<p>Die kostenlose Stornierung eines gebuchten Termins ist bis zu 24 Stunden im voraus m\u00f6glich. Wird diese Frist \u00fcberschritten ist die Plan B Escape Game GmbH berechtigt Ausfallgeb\u00fchren in H\u00f6he von 70% des Spielpreises in Rechnung zu stellen, die sofort zur Zahlung f\u00e4llig sind.<\/p>\n<p class=\"p1\">\u2022 dass der Nutzer zustimmt, dass die pers\u00f6nlichen Daten zur Online-Registrierung genutzt werden.<\/p>\n<p class=\"p1\">\u2022 Dass kein Widerrufsrecht besteht nach dem Start des Spiels<\/p>\n<p class=\"p1\">\u2022 Dass keine Anspr\u00fcche des Nutzers bei technischen Problemen entsteht, welche nicht von Ihnen verschuldet wurden<\/p>\n<p class=\"p1\">\u2022 Dass der Ablauf des Spiels nur ab dem Zeitpunkt des Starts des Spiels bzw. zu der gebuchten Zeit gespielt werden kann<\/p>\n<p class=\"p1\">\u2022 Dass Ihr Schadensersatz beschr\u00e4nkt ist auf Vorsatz oder grobe Fahrl\u00e4ssigkeit oder die Verletzung von Leib und Leben<\/p>\n<p class=\"p1\">\u2022 Wie der Zahlungsablauf ist<\/p>\n<p class=\"p1\">\u2022 Wann der Vertrag zustande kommt<\/p>\n<p><\/p>","protected":false},"excerpt":{"rendered":"<p>PLAN B Escape Game GmbH Gellertstra\u00dfe 13 76185 Karlsruhe PLAN B Cube GmbH Gellertstra\u00dfe 13 76185 Karlsruhe Die Teilnahme ist nur f\u00fcr Personen ab einem Alter von 12 Jahren geeignet. Personen zwischen 12 und 14 Jahren k\u00f6nnen nur im Beisein der Eltern oder eines Erziehungsberechtigten teilnehmen. Die Angemessenheit der Teilnahme [&hellip;]<\/p>\n","protected":false},"author":1,"featured_media":0,"parent":0,"menu_order":0,"comment_status":"closed","ping_status":"closed","template":"","meta":{"footnotes":""},"yoast_head":"<!-- This site is optimized with the Yoast SEO plugin v21.7 - https:\/\/yoast.com\/wordpress\/plugins\/seo\/ -->\n<title>Terms and conditions - PlanB Escape in Germany<\/title>\n<meta name=\"description\" content=\"Terms and conditions of the PlanB Escape games in Germany.\" \/>\n<meta name=\"robots\" content=\"index, follow, max-snippet:-1, max-image-preview:large, max-video-preview:-1\" \/>\n<link rel=\"canonical\" href=\"https:\/\/api.planb-escape.de\/de\/terms-and-conditions\/\" \/>\n<meta property=\"og:locale\" content=\"de_DE\" \/>\n<meta property=\"og:type\" content=\"article\" \/>\n<meta property=\"og:title\" content=\"Terms and conditions - PlanB Escape in Germany\" \/>\n<meta property=\"og:description\" content=\"Terms and conditions of the PlanB Escape games in Germany.\" \/>\n<meta property=\"og:url\" content=\"https:\/\/api.planb-escape.de\/de\/terms-and-conditions\/\" \/>\n<meta property=\"og:site_name\" content=\"PlanB\" \/>\n<meta property=\"article:publisher\" content=\"https:\/\/www.facebook.com\/planbescapestuttgart\/\" \/>\n<meta property=\"article:modified_time\" content=\"2023-08-28T07:43:42+00:00\" \/>\n<meta name=\"twitter:card\" content=\"summary_large_image\" \/>\n<script type=\"application\/ld+json\" class=\"yoast-schema-graph\">{\"@context\":\"https:\/\/schema.org\",\"@graph\":[{\"@type\":\"WebPage\",\"@id\":\"https:\/\/api.planb-escape.de\/de\/terms-and-conditions\/\",\"url\":\"https:\/\/api.planb-escape.de\/de\/terms-and-conditions\/\",\"name\":\"Terms and conditions - PlanB Escape in Germany\",\"isPartOf\":{\"@id\":\"https:\/\/api.planb-escape.de\/#website\"},\"datePublished\":\"2019-04-06T16:36:46+00:00\",\"dateModified\":\"2023-08-28T07:43:42+00:00\",\"description\":\"Terms and conditions of the PlanB Escape games in Germany.\",\"breadcrumb\":{\"@id\":\"https:\/\/api.planb-escape.de\/de\/terms-and-conditions\/#breadcrumb\"},\"inLanguage\":\"de\",\"potentialAction\":[{\"@type\":\"ReadAction\",\"target\":[\"https:\/\/api.planb-escape.de\/de\/terms-and-conditions\/\"]}]},{\"@type\":\"BreadcrumbList\",\"@id\":\"https:\/\/api.planb-escape.de\/de\/terms-and-conditions\/#breadcrumb\",\"itemListElement\":[{\"@type\":\"ListItem\",\"position\":1,\"name\":\"\u0413\u043b\u0430\u0432\u043d\u0430\u044f \u0441\u0442\u0440\u0430\u043d\u0438\u0446\u0430\",\"item\":\"https:\/\/api.planb-escape.de\/de\/\"},{\"@type\":\"ListItem\",\"position\":2,\"name\":\"Allgemeines\"}]},{\"@type\":\"WebSite\",\"@id\":\"https:\/\/api.planb-escape.de\/#website\",\"url\":\"https:\/\/api.planb-escape.de\/\",\"name\":\"PlanB\",\"description\":\"escape room\",\"publisher\":{\"@id\":\"https:\/\/api.planb-escape.de\/#organization\"},\"potentialAction\":[{\"@type\":\"SearchAction\",\"target\":{\"@type\":\"EntryPoint\",\"urlTemplate\":\"https:\/\/api.planb-escape.de\/?s={search_term_string}\"},\"query-input\":\"required name=search_term_string\"}],\"inLanguage\":\"de\"},{\"@type\":\"Organization\",\"@id\":\"https:\/\/api.planb-escape.de\/#organization\",\"name\":\"PlanB\",\"url\":\"https:\/\/api.planb-escape.de\/\",\"logo\":{\"@type\":\"ImageObject\",\"inLanguage\":\"de\",\"@id\":\"https:\/\/api.planb-escape.de\/#\/schema\/logo\/image\/\",\"url\":\"https:\/\/api.planb-escape.de\/wp-content\/uploads\/2023\/12\/6b83ddebfe241f842020d88e4ce6c935.svg\",\"contentUrl\":\"https:\/\/api.planb-escape.de\/wp-content\/uploads\/2023\/12\/6b83ddebfe241f842020d88e4ce6c935.svg\",\"width\":110,\"height\":30,\"caption\":\"PlanB\"},\"image\":{\"@id\":\"https:\/\/api.planb-escape.de\/#\/schema\/logo\/image\/\"},\"sameAs\":[\"https:\/\/www.facebook.com\/planbescapestuttgart\/\",\"https:\/\/www.instagram.com\/plan_b_escape\/\",\"https:\/\/www.youtube.com\/channel\/UCc8GQE2-pkCtyc1ZekUWn9Q\"]}]}<\/script>\n<!-- \/ Yoast SEO plugin. -->","yoast_head_json":{"title":"Terms and conditions - PlanB Escape in Germany","description":"Terms and conditions of the PlanB Escape games in Germany.","robots":{"index":"index","follow":"follow","max-snippet":"max-snippet:-1","max-image-preview":"max-image-preview:large","max-video-preview":"max-video-preview:-1"},"canonical":"https:\/\/api.planb-escape.de\/de\/terms-and-conditions\/","og_locale":"de_DE","og_type":"article","og_title":"Terms and conditions - PlanB Escape in Germany","og_description":"Terms and conditions of the PlanB Escape games in Germany.","og_url":"https:\/\/api.planb-escape.de\/de\/terms-and-conditions\/","og_site_name":"PlanB","article_publisher":"https:\/\/www.facebook.com\/planbescapestuttgart\/","article_modified_time":"2023-08-28T07:43:42+00:00","twitter_card":"summary_large_image","schema":{"@context":"https:\/\/schema.org","@graph":[{"@type":"WebPage","@id":"https:\/\/api.planb-escape.de\/de\/terms-and-conditions\/","url":"https:\/\/api.planb-escape.de\/de\/terms-and-conditions\/","name":"Terms and conditions - PlanB Escape in Germany","isPartOf":{"@id":"https:\/\/api.planb-escape.de\/#website"},"datePublished":"2019-04-06T16:36:46+00:00","dateModified":"2023-08-28T07:43:42+00:00","description":"Terms and conditions of the PlanB Escape games in Germany.","breadcrumb":{"@id":"https:\/\/api.planb-escape.de\/de\/terms-and-conditions\/#breadcrumb"},"inLanguage":"de","potentialAction":[{"@type":"ReadAction","target":["https:\/\/api.planb-escape.de\/de\/terms-and-conditions\/"]}]},{"@type":"BreadcrumbList","@id":"https:\/\/api.planb-escape.de\/de\/terms-and-conditions\/#breadcrumb","itemListElement":[{"@type":"ListItem","position":1,"name":"\u0413\u043b\u0430\u0432\u043d\u0430\u044f \u0441\u0442\u0440\u0430\u043d\u0438\u0446\u0430","item":"https:\/\/api.planb-escape.de\/de\/"},{"@type":"ListItem","position":2,"name":"Allgemeines"}]},{"@type":"WebSite","@id":"https:\/\/api.planb-escape.de\/#website","url":"https:\/\/api.planb-escape.de\/","name":"PlanB","description":"escape room","publisher":{"@id":"https:\/\/api.planb-escape.de\/#organization"},"potentialAction":[{"@type":"SearchAction","target":{"@type":"EntryPoint","urlTemplate":"https:\/\/api.planb-escape.de\/?s={search_term_string}"},"query-input":"required name=search_term_string"}],"inLanguage":"de"},{"@type":"Organization","@id":"https:\/\/api.planb-escape.de\/#organization","name":"PlanB","url":"https:\/\/api.planb-escape.de\/","logo":{"@type":"ImageObject","inLanguage":"de","@id":"https:\/\/api.planb-escape.de\/#\/schema\/logo\/image\/","url":"https:\/\/api.planb-escape.de\/wp-content\/uploads\/2023\/12\/6b83ddebfe241f842020d88e4ce6c935.svg","contentUrl":"https:\/\/api.planb-escape.de\/wp-content\/uploads\/2023\/12\/6b83ddebfe241f842020d88e4ce6c935.svg","width":110,"height":30,"caption":"PlanB"},"image":{"@id":"https:\/\/api.planb-escape.de\/#\/schema\/logo\/image\/"},"sameAs":["https:\/\/www.facebook.com\/planbescapestuttgart\/","https:\/\/www.instagram.com\/plan_b_escape\/","https:\/\/www.youtube.com\/channel\/UCc8GQE2-pkCtyc1ZekUWn9Q"]}]}},"acf":[],"_links":{"self":[{"href":"https:\/\/api.planb-escape.de\/de\/wp-json\/wp\/v2\/pages\/163"}],"collection":[{"href":"https:\/\/api.planb-escape.de\/de\/wp-json\/wp\/v2\/pages"}],"about":[{"href":"https:\/\/api.planb-escape.de\/de\/wp-json\/wp\/v2\/types\/page"}],"author":[{"embeddable":true,"href":"https:\/\/api.planb-escape.de\/de\/wp-json\/wp\/v2\/users\/1"}],"replies":[{"embeddable":true,"href":"https:\/\/api.planb-escape.de\/de\/wp-json\/wp\/v2\/comments?post=163"}],"version-history":[{"count":14,"href":"https:\/\/api.planb-escape.de\/de\/wp-json\/wp\/v2\/pages\/163\/revisions"}],"predecessor-version":[{"id":3015,"href":"https:\/\/api.planb-escape.de\/de\/wp-json\/wp\/v2\/pages\/163\/revisions\/3015"}],"wp:attachment":[{"href":"https:\/\/api.planb-escape.de\/de\/wp-json\/wp\/v2\/media?parent=163"}],"curies":[{"name":"wp","href":"https:\/\/api.w.org\/{rel}","templated":true}]}}